{"id":504849,"date":"2024-06-13T12:08:46","date_gmt":"2024-06-13T12:08:46","guid":{"rendered":"https:\/\/lavhealthy.com\/blog\/?page_id=504849"},"modified":"2024-11-14T14:22:03","modified_gmt":"2024-11-14T14:22:03","slug":"a-propos-de-nous","status":"publish","type":"page","link":"https:\/\/lavhealthy.com\/blog\/a-propos-de-nous\/","title":{"rendered":"\u00c0 propos de nous"},"content":{"rendered":"\t\t<div data-elementor-type=\"wp-page\" data-elementor-id=\"504849\" class=\"elementor elementor-504849\" data-elementor-post-type=\"page\">\n\t\t\t\t<div class=\"elementor-element elementor-element-5320414 animated-slow e-flex e-con-boxed elementor-invisible e-con e-parent\" data-id=\"5320414\" data-element_type=\"container\" data-settings=\"{&quot;animation&quot;:&quot;fadeIn&quot;,&quot;animation_delay&quot;:0}\">\n\t\t\t\t\t<div class=\"e-con-inner\">\n\t\t\t\t<div class=\"elementor-element elementor-element-307fce1 elementor-invisible elementor-widget elementor-widget-heading\" data-id=\"307fce1\" data-element_type=\"widget\" data-settings=\"{&quot;_animation&quot;:&quot;fadeIn&quot;}\" data-widget_type=\"heading.default\">\n\t\t\t\t<div class=\"elementor-widget-container\">\n\t\t\t\t\t<h1 class=\"elementor-heading-title elementor-size-default\">\u00c0 propos de nous<\/h1>\t\t\t\t<\/div>\n\t\t\t\t<\/div>\n\t\t\t\t<div class=\"elementor-element elementor-element-72841c5 elementor-widget elementor-widget-heading\" data-id=\"72841c5\" data-element_type=\"widget\" data-settings=\"{&quot;_animation&quot;:&quot;none&quot;}\" data-widget_type=\"heading.default\">\n\t\t\t\t<div class=\"elementor-widget-container\">\n\t\t\t\t\t<h2 class=\"elementor-heading-title elementor-size-default\">Comprendre l\u2019essence et les valeurs de VhealTHY :<\/h2>\t\t\t\t<\/div>\n\t\t\t\t<\/div>\n\t\t\t\t<div class=\"elementor-element elementor-element-db6ce38 animated-slow elementor-widget elementor-widget-text-editor\" data-id=\"db6ce38\" data-element_type=\"widget\" data-settings=\"{&quot;_animation&quot;:&quot;none&quot;}\" data-widget_type=\"text-editor.default\">\n\t\t\t\t<div class=\"elementor-widget-container\">\n\t\t\t\t\t\t\t\t\t<ul>\n<li>Vhealthy\u00a0: \u00ab\u00a0V\u00a0\u00bb signifie \u00ab\u00a0La vie\u00a0\u00bb, ce qui se traduit par \u00ab\u00a0life\u00a0\u00bb dans la langue fran\u00e7aise. Le terme \u00ab\u00a0healthy\u00a0\u00bb est employ\u00e9 dans ce contexte pour d\u00e9signer un \u00e9tat de bien-\u00eatre et une condition physique optimale.<\/li>\n<li>La ressemblance phon\u00e9tique entre \u00ab\u00a0healthy\u00a0\u00bb et \u00ab\u00a0heal-THY\u00a0\u00bb sert \u00e0 souligner le lien intrins\u00e8que entre le bien-\u00eatre et l&#8217;acte d&#8217;auto-gu\u00e9rison. Il convient de noter que l&#8217;utilisation archa\u00efque de \u00ab\u00a0Thy\u00a0\u00bb dans la langue shakespearienne signifie la forme possessive de \u00ab\u00a0your\u00a0\u00bb, ce qui donne une interpr\u00e9tation nuanc\u00e9e au concept de responsabilit\u00e9 personnelle pour son bien-\u00eatre.<\/li>\n<li>En substance, l&#8217;amalgame de ces \u00e9l\u00e9ments linguistiques dans le terme \u00ab\u00a0Vhealthy\u00a0\u00bb souligne l&#8217;id\u00e9e que la vie est intrins\u00e8quement li\u00e9e au maintien de la sant\u00e9 et au pouvoir transformateur de l&#8217;auto-gu\u00e9rison.<\/li>\n<\/ul>\t\t\t\t\t\t\t\t<\/div>\n\t\t\t\t<\/div>\n\t\t\t\t<div class=\"elementor-element elementor-element-73c57c7 animated-slow elementor-widget elementor-widget-image\" data-id=\"73c57c7\" data-element_type=\"widget\" data-settings=\"{&quot;_animation&quot;:&quot;none&quot;}\" data-widget_type=\"image.default\">\n\t\t\t\t<div class=\"elementor-widget-container\">\n\t\t\t\t\t\t\t\t\t\t\t\t\t\t\t<img fetchpriority=\"high\" decoding=\"async\" width=\"480\" height=\"320\" src=\"https:\/\/lavhealthy.com\/blog\/wp-content\/uploads\/2024\/06\/3859262_480x480.webp\" class=\"attachment-full size-full wp-image-124\" alt=\"3859262 480x480\" srcset=\"https:\/\/lavhealthy.com\/blog\/wp-content\/uploads\/2024\/06\/3859262_480x480.webp 480w, https:\/\/lavhealthy.com\/blog\/wp-content\/uploads\/2024\/06\/3859262_480x480-300x200.webp 300w\" sizes=\"(max-width: 480px) 100vw, 480px\" \/>\t\t\t\t\t\t\t\t\t\t\t\t\t\t\t<\/div>\n\t\t\t\t<\/div>\n\t\t\t\t<div class=\"elementor-element elementor-element-a902018 elementor-widget elementor-widget-heading\" data-id=\"a902018\" data-element_type=\"widget\" data-settings=\"{&quot;_animation&quot;:&quot;none&quot;}\" data-widget_type=\"heading.default\">\n\t\t\t\t<div class=\"elementor-widget-container\">\n\t\t\t\t\t<h2 class=\"elementor-heading-title elementor-size-default\">La mission de Vhealthy :<\/h2>\t\t\t\t<\/div>\n\t\t\t\t<\/div>\n\t\t\t\t<div class=\"elementor-element elementor-element-861992e animated-slow elementor-widget elementor-widget-text-editor\" data-id=\"861992e\" data-element_type=\"widget\" data-settings=\"{&quot;_animation&quot;:&quot;none&quot;}\" data-widget_type=\"text-editor.default\">\n\t\t\t\t<div class=\"elementor-widget-container\">\n\t\t\t\t\t\t\t\t\t<ul>\n<li>Pour promouvoir la sant\u00e9 mentale et physique, VhealTHY propose une plateforme en ligne ax\u00e9e sur la m\u00e9decine traditionnelle et la sant\u00e9 num\u00e9rique. Elle met en relation tout individu avec des experts mondiaux utilisant leur exp\u00e9rience, leurs connaissances th\u00e9oriques et pratiques et les derniers outils cl\u00e9s pour favoriser une plus grande r\u00e9silience, en particulier dans le syst\u00e8me de sant\u00e9.<\/li>\n<\/ul>\t\t\t\t\t\t\t\t<\/div>\n\t\t\t\t<\/div>\n\t\t\t\t<div class=\"elementor-element elementor-element-78af0ec elementor-widget elementor-widget-heading\" data-id=\"78af0ec\" data-element_type=\"widget\" data-settings=\"{&quot;_animation&quot;:&quot;none&quot;}\" data-widget_type=\"heading.default\">\n\t\t\t\t<div class=\"elementor-widget-container\">\n\t\t\t\t\t<h2 class=\"elementor-heading-title elementor-size-default\"><span>La soci\u00e9t\u00e9 Vhealthy\u00a0:<\/span><\/h2>\t\t\t\t<\/div>\n\t\t\t\t<\/div>\n\t\t\t\t<div class=\"elementor-element elementor-element-333a643 animated-slow elementor-widget elementor-widget-text-editor\" data-id=\"333a643\" data-element_type=\"widget\" data-settings=\"{&quot;_animation&quot;:&quot;none&quot;}\" data-widget_type=\"text-editor.default\">\n\t\t\t\t<div class=\"elementor-widget-container\">\n\t\t\t\t\t\t\t\t\tGr\u00e2ce au perfectionnement continu de son Ikigai personnel, Vhealthy a vu le jour en 2023, guid\u00e9 par les principes fondamentaux suivants :\t\t\t\t\t\t\t\t<\/div>\n\t\t\t\t<\/div>\n\t\t\t\t<div class=\"elementor-element elementor-element-85cb624 animated-slow elementor-invisible elementor-widget elementor-widget-image\" data-id=\"85cb624\" data-element_type=\"widget\" data-settings=\"{&quot;_animation&quot;:&quot;fadeIn&quot;}\" data-widget_type=\"image.default\">\n\t\t\t\t<div class=\"elementor-widget-container\">\n\t\t\t\t\t\t\t\t\t\t\t\t\t\t\t<img decoding=\"async\" width=\"437\" height=\"480\" src=\"https:\/\/lavhealthy.com\/blog\/wp-content\/uploads\/2024\/06\/Screenshot_2024-03-06_at_04.24.22_480x480.webp\" class=\"attachment-full size-full wp-image-125\" alt=\"Screenshot 2024 03 06 at 04.24.22 480x480\" srcset=\"https:\/\/lavhealthy.com\/blog\/wp-content\/uploads\/2024\/06\/Screenshot_2024-03-06_at_04.24.22_480x480.webp 437w, https:\/\/lavhealthy.com\/blog\/wp-content\/uploads\/2024\/06\/Screenshot_2024-03-06_at_04.24.22_480x480-273x300.webp 273w\" sizes=\"(max-width: 437px) 100vw, 437px\" \/>\t\t\t\t\t\t\t\t\t\t\t\t\t\t\t<\/div>\n\t\t\t\t<\/div>\n\t\t\t\t<div class=\"elementor-element elementor-element-8122b89 elementor-widget elementor-widget-heading\" data-id=\"8122b89\" data-element_type=\"widget\" data-settings=\"{&quot;_animation&quot;:&quot;none&quot;}\" data-widget_type=\"heading.default\">\n\t\t\t\t<div class=\"elementor-widget-container\">\n\t\t\t\t\t<h3 class=\"elementor-heading-title elementor-size-default\"><span>\u00c0 propos de l'\u00e9quipe\u00a0:<\/span><\/h3>\t\t\t\t<\/div>\n\t\t\t\t<\/div>\n\t\t\t\t<div class=\"elementor-element elementor-element-110a67f animated-slow elementor-widget elementor-widget-text-editor\" data-id=\"110a67f\" data-element_type=\"widget\" data-settings=\"{&quot;_animation&quot;:&quot;none&quot;}\" data-widget_type=\"text-editor.default\">\n\t\t\t\t<div class=\"elementor-widget-container\">\n\t\t\t\t\t\t\t\t\tActuellement, l&#8217;\u00e9quipe Vhealthy se compose de la fondatrice\u00a0<a href=\"https:\/\/ch.linkedin.com\/in\/ingridmondet\" target=\"_blank\" rel=\"noopener\"><span style=\"color: #003366;\">Mme Ingrid Mondet<\/span><\/a>, de l&#8217;\u00e9quipe informatique, du r\u00e9f\u00e9rencement assist\u00e9 par\u00a0<span style=\"color: #003366;\"><a style=\"color: #003366;\" href=\"http:\/\/digidatale.com\/\" target=\"_blank\" rel=\"noopener\">DigiDatale<\/a><\/span>, l&#8217;aspect juridique est renforc\u00e9 par le cabinet d&#8217;avocats Tolnai, des sp\u00e9cialistes qui se concentrent avec diligence sur l&#8217;alignement du RGPD et d&#8217;autres questions juridiques connexes.\n\nEn outre, l&#8217;\u00e9quipe dispose d&#8217;un groupe de conseillers mondiaux, des professionnels qui offrent leurs id\u00e9es et leurs conseils \u00e0 Vhealthy. Notamment, les experts en m\u00e9decine traditionnelle et alternative, ainsi qu&#8217;en sant\u00e9 mentale, jouent un r\u00f4le central, enrichissant la plateforme de perspectives diverses.\t\t\t\t\t\t\t\t<\/div>\n\t\t\t\t<\/div>\n\t\t\t\t<div class=\"elementor-element elementor-element-29d5a4b elementor-widget elementor-widget-heading\" data-id=\"29d5a4b\" data-element_type=\"widget\" data-settings=\"{&quot;_animation&quot;:&quot;none&quot;}\" data-widget_type=\"heading.default\">\n\t\t\t\t<div class=\"elementor-widget-container\">\n\t\t\t\t\t<h2 class=\"elementor-heading-title elementor-size-default\"><span>Remerciements\u00a0:<\/span><\/h2>\t\t\t\t<\/div>\n\t\t\t\t<\/div>\n\t\t\t\t<div class=\"elementor-element elementor-element-b0b1b65 animated-slow elementor-widget elementor-widget-text-editor\" data-id=\"b0b1b65\" data-element_type=\"widget\" data-settings=\"{&quot;_animation&quot;:&quot;none&quot;}\" data-widget_type=\"text-editor.default\">\n\t\t\t\t<div class=\"elementor-widget-container\">\n\t\t\t\t\t\t\t\t\tVhealthy exprime sa profonde gratitude pour le soutien et les contributions ind\u00e9fectibles de son \u00e9quipe exceptionnelle, de ses experts et de ses d\u00e9fenseurs du bien-\u00eatre tels que\u00a0<span style=\"color: #003366;\"><a style=\"color: #003366;\" href=\"https:\/\/yoganova.org\/\" target=\"_blank\" rel=\"noopener\">YogaNova<\/a><\/span>\u00a0qui promeuvent la sant\u00e9 holistique. Leurs efforts collectifs contribuent \u00e0 faire progresser les valeurs et la mission de Vhealthy, en l&#8217;\u00e9levant au rang de pr\u00e9\u00e9minence.\t\t\t\t\t\t\t\t<\/div>\n\t\t\t\t<\/div>\n\t\t\t\t<div class=\"elementor-element elementor-element-31ce697 elementor-widget elementor-widget-heading\" data-id=\"31ce697\" data-element_type=\"widget\" data-settings=\"{&quot;_animation&quot;:&quot;none&quot;}\" data-widget_type=\"heading.default\">\n\t\t\t\t<div class=\"elementor-widget-container\">\n\t\t\t\t\t<h2 class=\"elementor-heading-title elementor-size-default\"><span>Collaborations externes et \u00e9v\u00e9nements \u00e0 venir\u00a0:<\/span><\/h2>\t\t\t\t<\/div>\n\t\t\t\t<\/div>\n\t\t\t\t<div class=\"elementor-element elementor-element-356057c animated-slow elementor-widget elementor-widget-image\" data-id=\"356057c\" data-element_type=\"widget\" data-settings=\"{&quot;_animation&quot;:&quot;none&quot;}\" data-widget_type=\"image.default\">\n\t\t\t\t<div class=\"elementor-widget-container\">\n\t\t\t\t\t\t\t\t\t\t\t\t\t\t\t<img decoding=\"async\" width=\"324\" height=\"480\" src=\"https:\/\/lavhealthy.com\/blog\/wp-content\/uploads\/2024\/06\/Geneva_Digital_Health_Day_-_Vhealthy_480x480.webp\" class=\"attachment-full size-full wp-image-126\" alt=\"Geneva Digital Health Day   Vhealthy 480x480\" srcset=\"https:\/\/lavhealthy.com\/blog\/wp-content\/uploads\/2024\/06\/Geneva_Digital_Health_Day_-_Vhealthy_480x480.webp 324w, https:\/\/lavhealthy.com\/blog\/wp-content\/uploads\/2024\/06\/Geneva_Digital_Health_Day_-_Vhealthy_480x480-203x300.webp 203w\" sizes=\"(max-width: 324px) 100vw, 324px\" \/>\t\t\t\t\t\t\t\t\t\t\t\t\t\t\t<\/div>\n\t\t\t\t<\/div>\n\t\t\t\t\t<\/div>\n\t\t\t\t<\/div>\n\t\t\t\t<\/div>\n\t\t","protected":false},"excerpt":{"rendered":"<p>\u00c0 propos de nous Comprendre l\u2019essence et les valeurs de VhealTHY : Vhealthy\u00a0: \u00ab\u00a0V\u00a0\u00bb signifie \u00ab\u00a0La vie\u00a0\u00bb, ce qui se traduit par \u00ab\u00a0life\u00a0\u00bb dans la langue fran\u00e7aise. Le terme \u00ab\u00a0healthy\u00a0\u00bb est employ\u00e9 dans ce contexte pour d\u00e9signer un \u00e9tat de bien-\u00eatre et une condition physique optimale. La ressemblance phon\u00e9tique entre \u00ab\u00a0healthy\u00a0\u00bb et \u00ab\u00a0heal-THY\u00a0\u00bb sert \u00e0 [&hellip;]<\/p>\n","protected":false},"author":1008,"featured_media":0,"parent":0,"menu_order":0,"comment_status":"closed","ping_status":"closed","template":"elementor_header_footer","meta":{"_acf_changed":false,"om_disable_all_campaigns":false,"_monsterinsights_skip_tracking":false,"_monsterinsights_sitenote_active":false,"_monsterinsights_sitenote_note":"","_monsterinsights_sitenote_category":0,"_uf_show_specific_survey":0,"_uf_disable_surveys":false,"footnotes":""},"class_list":["post-504849","page","type-page","status-publish","hentry"],"acf":[],"yoast_head":"<!-- This site is optimized with the Yoast SEO plugin v25.5 - https:\/\/yoast.com\/wordpress\/plugins\/seo\/ -->\n<title>VhealTHY - Plateforme Holistique pour la Sant\u00e9 Mentale et Physique<\/title>\n<meta name=\"description\" content=\"D\u00e9couvrez VhealTHY, une plateforme en ligne ax\u00e9e sur la sant\u00e9 mentale, physique et holistique. En partenariat avec des experts mondiaux, VhealTHY promeut l&#039;auto-gu\u00e9rison et le bien-\u00eatre gr\u00e2ce \u00e0 la m\u00e9decine traditionnelle et num\u00e9rique.\" \/>\n<meta name=\"robots\" content=\"index, follow, max-snippet:-1, max-image-preview:large, max-video-preview:-1\" \/>\n<link rel=\"canonical\" href=\"https:\/\/lavhealthy.com\/blog\/a-propos-de-nous\/\" \/>\n<meta property=\"og:locale\" content=\"en_US\" \/>\n<meta property=\"og:type\" content=\"article\" \/>\n<meta property=\"og:title\" content=\"VhealTHY - Plateforme Holistique pour la Sant\u00e9 Mentale et Physique\" \/>\n<meta property=\"og:description\" content=\"D\u00e9couvrez VhealTHY, une plateforme en ligne ax\u00e9e sur la sant\u00e9 mentale, physique et holistique. En partenariat avec des experts mondiaux, VhealTHY promeut l&#039;auto-gu\u00e9rison et le bien-\u00eatre gr\u00e2ce \u00e0 la m\u00e9decine traditionnelle et num\u00e9rique.\" \/>\n<meta property=\"og:url\" content=\"https:\/\/lavhealthy.com\/blog\/a-propos-de-nous\/\" \/>\n<meta property=\"og:site_name\" content=\"vhealthy\" \/>\n<meta property=\"article:modified_time\" content=\"2024-11-14T14:22:03+00:00\" \/>\n<meta property=\"og:image\" content=\"https:\/\/lavhealthy.com\/blog\/wp-content\/uploads\/2024\/06\/3859262_480x480.webp\" \/>\n<meta name=\"twitter:card\" content=\"summary_large_image\" \/>\n<meta name=\"twitter:label1\" content=\"Est. reading time\" \/>\n\t<meta name=\"twitter:data1\" content=\"3 minutes\" \/>\n<script type=\"application\/ld+json\" class=\"yoast-schema-graph\">{\"@context\":\"https:\/\/schema.org\",\"@graph\":[{\"@type\":\"WebPage\",\"@id\":\"https:\/\/lavhealthy.com\/blog\/a-propos-de-nous\/\",\"url\":\"https:\/\/lavhealthy.com\/blog\/a-propos-de-nous\/\",\"name\":\"VhealTHY - Plateforme Holistique pour la Sant\u00e9 Mentale et Physique\",\"isPartOf\":{\"@id\":\"https:\/\/lavhealthy.com\/blog\/#website\"},\"primaryImageOfPage\":{\"@id\":\"https:\/\/lavhealthy.com\/blog\/a-propos-de-nous\/#primaryimage\"},\"image\":{\"@id\":\"https:\/\/lavhealthy.com\/blog\/a-propos-de-nous\/#primaryimage\"},\"thumbnailUrl\":\"https:\/\/lavhealthy.com\/blog\/wp-content\/uploads\/2024\/06\/3859262_480x480.webp\",\"datePublished\":\"2024-06-13T12:08:46+00:00\",\"dateModified\":\"2024-11-14T14:22:03+00:00\",\"description\":\"D\u00e9couvrez VhealTHY, une plateforme en ligne ax\u00e9e sur la sant\u00e9 mentale, physique et holistique. En partenariat avec des experts mondiaux, VhealTHY promeut l'auto-gu\u00e9rison et le bien-\u00eatre gr\u00e2ce \u00e0 la m\u00e9decine traditionnelle et num\u00e9rique.\",\"breadcrumb\":{\"@id\":\"https:\/\/lavhealthy.com\/blog\/a-propos-de-nous\/#breadcrumb\"},\"inLanguage\":\"en-US\",\"potentialAction\":[{\"@type\":\"ReadAction\",\"target\":[\"https:\/\/lavhealthy.com\/blog\/a-propos-de-nous\/\"]}]},{\"@type\":\"ImageObject\",\"inLanguage\":\"en-US\",\"@id\":\"https:\/\/lavhealthy.com\/blog\/a-propos-de-nous\/#primaryimage\",\"url\":\"https:\/\/lavhealthy.com\/blog\/wp-content\/uploads\/2024\/06\/3859262_480x480.webp\",\"contentUrl\":\"https:\/\/lavhealthy.com\/blog\/wp-content\/uploads\/2024\/06\/3859262_480x480.webp\",\"width\":480,\"height\":320,\"caption\":\"3859262 480x480\"},{\"@type\":\"BreadcrumbList\",\"@id\":\"https:\/\/lavhealthy.com\/blog\/a-propos-de-nous\/#breadcrumb\",\"itemListElement\":[{\"@type\":\"ListItem\",\"position\":1,\"name\":\"Home\",\"item\":\"https:\/\/lavhealthy.com\/blog\/en\/\"},{\"@type\":\"ListItem\",\"position\":2,\"name\":\"\u00c0 propos de nous\"}]},{\"@type\":\"WebSite\",\"@id\":\"https:\/\/lavhealthy.com\/blog\/#website\",\"url\":\"https:\/\/lavhealthy.com\/blog\/\",\"name\":\"vhealthy\",\"description\":\"Chronique du march\u00e9 de la sant\u00e9\",\"publisher\":{\"@id\":\"https:\/\/lavhealthy.com\/blog\/#organization\"},\"potentialAction\":[{\"@type\":\"SearchAction\",\"target\":{\"@type\":\"EntryPoint\",\"urlTemplate\":\"https:\/\/lavhealthy.com\/blog\/?s={search_term_string}\"},\"query-input\":{\"@type\":\"PropertyValueSpecification\",\"valueRequired\":true,\"valueName\":\"search_term_string\"}}],\"inLanguage\":\"en-US\"},{\"@type\":\"Organization\",\"@id\":\"https:\/\/lavhealthy.com\/blog\/#organization\",\"name\":\"vhealthy\",\"url\":\"https:\/\/lavhealthy.com\/blog\/\",\"logo\":{\"@type\":\"ImageObject\",\"inLanguage\":\"en-US\",\"@id\":\"https:\/\/lavhealthy.com\/blog\/#\/schema\/logo\/image\/\",\"url\":\"https:\/\/lavhealthy.com\/blog\/wp-content\/uploads\/2024\/06\/logo-vh.webp\",\"contentUrl\":\"https:\/\/lavhealthy.com\/blog\/wp-content\/uploads\/2024\/06\/logo-vh.webp\",\"width\":120,\"height\":66,\"caption\":\"vhealthy\"},\"image\":{\"@id\":\"https:\/\/lavhealthy.com\/blog\/#\/schema\/logo\/image\/\"}}]}<\/script>\n<!-- \/ Yoast SEO plugin. -->","yoast_head_json":{"title":"VhealTHY - Plateforme Holistique pour la Sant\u00e9 Mentale et Physique","description":"D\u00e9couvrez VhealTHY, une plateforme en ligne ax\u00e9e sur la sant\u00e9 mentale, physique et holistique. En partenariat avec des experts mondiaux, VhealTHY promeut l'auto-gu\u00e9rison et le bien-\u00eatre gr\u00e2ce \u00e0 la m\u00e9decine traditionnelle et num\u00e9rique.","robots":{"index":"index","follow":"follow","max-snippet":"max-snippet:-1","max-image-preview":"max-image-preview:large","max-video-preview":"max-video-preview:-1"},"canonical":"https:\/\/lavhealthy.com\/blog\/a-propos-de-nous\/","og_locale":"en_US","og_type":"article","og_title":"VhealTHY - Plateforme Holistique pour la Sant\u00e9 Mentale et Physique","og_description":"D\u00e9couvrez VhealTHY, une plateforme en ligne ax\u00e9e sur la sant\u00e9 mentale, physique et holistique. En partenariat avec des experts mondiaux, VhealTHY promeut l'auto-gu\u00e9rison et le bien-\u00eatre gr\u00e2ce \u00e0 la m\u00e9decine traditionnelle et num\u00e9rique.","og_url":"https:\/\/lavhealthy.com\/blog\/a-propos-de-nous\/","og_site_name":"vhealthy","article_modified_time":"2024-11-14T14:22:03+00:00","og_image":[{"url":"https:\/\/lavhealthy.com\/blog\/wp-content\/uploads\/2024\/06\/3859262_480x480.webp","type":"","width":"","height":""}],"twitter_card":"summary_large_image","twitter_misc":{"Est. reading time":"3 minutes"},"schema":{"@context":"https:\/\/schema.org","@graph":[{"@type":"WebPage","@id":"https:\/\/lavhealthy.com\/blog\/a-propos-de-nous\/","url":"https:\/\/lavhealthy.com\/blog\/a-propos-de-nous\/","name":"VhealTHY - Plateforme Holistique pour la Sant\u00e9 Mentale et Physique","isPartOf":{"@id":"https:\/\/lavhealthy.com\/blog\/#website"},"primaryImageOfPage":{"@id":"https:\/\/lavhealthy.com\/blog\/a-propos-de-nous\/#primaryimage"},"image":{"@id":"https:\/\/lavhealthy.com\/blog\/a-propos-de-nous\/#primaryimage"},"thumbnailUrl":"https:\/\/lavhealthy.com\/blog\/wp-content\/uploads\/2024\/06\/3859262_480x480.webp","datePublished":"2024-06-13T12:08:46+00:00","dateModified":"2024-11-14T14:22:03+00:00","description":"D\u00e9couvrez VhealTHY, une plateforme en ligne ax\u00e9e sur la sant\u00e9 mentale, physique et holistique. En partenariat avec des experts mondiaux, VhealTHY promeut l'auto-gu\u00e9rison et le bien-\u00eatre gr\u00e2ce \u00e0 la m\u00e9decine traditionnelle et num\u00e9rique.","breadcrumb":{"@id":"https:\/\/lavhealthy.com\/blog\/a-propos-de-nous\/#breadcrumb"},"inLanguage":"en-US","potentialAction":[{"@type":"ReadAction","target":["https:\/\/lavhealthy.com\/blog\/a-propos-de-nous\/"]}]},{"@type":"ImageObject","inLanguage":"en-US","@id":"https:\/\/lavhealthy.com\/blog\/a-propos-de-nous\/#primaryimage","url":"https:\/\/lavhealthy.com\/blog\/wp-content\/uploads\/2024\/06\/3859262_480x480.webp","contentUrl":"https:\/\/lavhealthy.com\/blog\/wp-content\/uploads\/2024\/06\/3859262_480x480.webp","width":480,"height":320,"caption":"3859262 480x480"},{"@type":"BreadcrumbList","@id":"https:\/\/lavhealthy.com\/blog\/a-propos-de-nous\/#breadcrumb","itemListElement":[{"@type":"ListItem","position":1,"name":"Home","item":"https:\/\/lavhealthy.com\/blog\/en\/"},{"@type":"ListItem","position":2,"name":"\u00c0 propos de nous"}]},{"@type":"WebSite","@id":"https:\/\/lavhealthy.com\/blog\/#website","url":"https:\/\/lavhealthy.com\/blog\/","name":"vhealthy","description":"Chronique du march\u00e9 de la sant\u00e9","publisher":{"@id":"https:\/\/lavhealthy.com\/blog\/#organization"},"potentialAction":[{"@type":"SearchAction","target":{"@type":"EntryPoint","urlTemplate":"https:\/\/lavhealthy.com\/blog\/?s={search_term_string}"},"query-input":{"@type":"PropertyValueSpecification","valueRequired":true,"valueName":"search_term_string"}}],"inLanguage":"en-US"},{"@type":"Organization","@id":"https:\/\/lavhealthy.com\/blog\/#organization","name":"vhealthy","url":"https:\/\/lavhealthy.com\/blog\/","logo":{"@type":"ImageObject","inLanguage":"en-US","@id":"https:\/\/lavhealthy.com\/blog\/#\/schema\/logo\/image\/","url":"https:\/\/lavhealthy.com\/blog\/wp-content\/uploads\/2024\/06\/logo-vh.webp","contentUrl":"https:\/\/lavhealthy.com\/blog\/wp-content\/uploads\/2024\/06\/logo-vh.webp","width":120,"height":66,"caption":"vhealthy"},"image":{"@id":"https:\/\/lavhealthy.com\/blog\/#\/schema\/logo\/image\/"}}]}},"_links":{"self":[{"href":"https:\/\/lavhealthy.com\/blog\/wp-json\/wp\/v2\/pages\/504849","targetHints":{"allow":["GET"]}}],"collection":[{"href":"https:\/\/lavhealthy.com\/blog\/wp-json\/wp\/v2\/pages"}],"about":[{"href":"https:\/\/lavhealthy.com\/blog\/wp-json\/wp\/v2\/types\/page"}],"author":[{"embeddable":true,"href":"https:\/\/lavhealthy.com\/blog\/wp-json\/wp\/v2\/users\/1008"}],"replies":[{"embeddable":true,"href":"https:\/\/lavhealthy.com\/blog\/wp-json\/wp\/v2\/comments?post=504849"}],"version-history":[{"count":7,"href":"https:\/\/lavhealthy.com\/blog\/wp-json\/wp\/v2\/pages\/504849\/revisions"}],"predecessor-version":[{"id":505196,"href":"https:\/\/lavhealthy.com\/blog\/wp-json\/wp\/v2\/pages\/504849\/revisions\/505196"}],"wp:attachment":[{"href":"https:\/\/lavhealthy.com\/blog\/wp-json\/wp\/v2\/media?parent=504849"}],"curies":[{"name":"wp","href":"https:\/\/api.w.org\/{rel}","templated":true}]}}